{"id":3618,"date":"2019-12-28T19:55:09","date_gmt":"2019-12-29T01:55:09","guid":{"rendered":"https:\/\/propertytaxloansfortexas.com\/?page_id=3618"},"modified":"2024-04-29T19:41:41","modified_gmt":"2024-04-30T00:41:41","slug":"make-a-payment","status":"publish","type":"page","link":"https:\/\/propertytaxloansfortexas.com\/es\/make-a-payment\/","title":{"rendered":"Opciones de pago"},"content":{"rendered":"<p><strong>*Informaci\u00f3n importante sobre la tarifa de pago:<\/strong> (USIO, nuestro proveedor de pagos en l\u00ednea, cobra una tarifa de 2.49% en todos las transacciones con tarjeta de d\u00e9bito, ademas de $0.30 adicionales. Si el pago se realiza mediante ACH o E-check, USIO cobra una tarifa de conveniencia de $0.50 por transacci\u00f3n. No se pueden utilizar tarjetas de cr\u00e9dito ni tarjetas prepagas. \u00a0\u00a0Hunter-Kelsey no recibe ninguna parte de estas tarifas. Los pagos realizados por tel\u00e9fono o en l\u00ednea estar\u00e1n sujetos a estas tarifas. <strong>Solo los pagos realizados con cheque, giro postal, o <a href=\"https:\/\/propertytaxloansfortexas.com\/resources\/ACH_Form.pdf\" target=\"_blank\" rel=\"noopener\">pagos recurrentes de ACH son gratuitos<\/a>, sin tarifas adicionales.<\/strong><\/p>\n<h3 id=\"existing\"><strong>Pago en l\u00ednea<\/strong><\/h3>\n<p><strong>Portal del Cliente<\/strong><\/p>\n<p>Si usted ya est\u00e1 inscrito en el Portal del Cliente y desea acceder su cuenta o realizar un pago, necesitar\u00e1 su ID de usuario y contrase\u00f1a para iniciar la sesi\u00f3n.<\/p>\n<p><strong>ID de Usuario (<em>User ID<\/em><\/strong>) = Numbero de pr\u00e9stamo<\/p>\n<p><strong>Contrase\u00f1a<\/strong> = \u00daltimos 4 d\u00edgitos de su n\u00famero de seguro social o EIN (<em>N\u00famero de Identificaci\u00f3n del Empleador).<\/em><\/p>\n<p><strong>Nota: Si se ha registrado anteriormente y no puede acceder al Portal del Cliente, haga clic en el enlace \u00abForgot Password\u00bb en la p\u00e1gina del Portal del Cliente para restablecer su contrase\u00f1a.<\/strong><\/p>\n<p>Para acceder a su cuenta, haga clic en el bot\u00f3n a continuaci\u00f3n:<\/p>\n<p><a class=\"button bvcBtn\" href=\"https:\/\/www.borrowersviewcentral.com\/?companyid=hkt\" target=\"_blank\" rel=\"noopener\">Portal del Cliente<\/a><\/p>\n<p>Si tiene m\u00e1s de un pr\u00e9stamo con Hunter-Kelsey, una vez que haya iniciado la sesi\u00f3n en el Portal del Cliente, podr\u00e1 navegar y vincular sus pr\u00e9stamos secundarios a su cuenta en el Portal del Cliente.<\/p>\n<p>Los pagos realizados en l\u00ednea estar\u00e1n sujetos a tarifas por parte de USIO, nuestro proveedor de pagos en l\u00ednea, de la siguiente manera:<\/p>\n<p>Tarjeta de D\u00e9bito: 2.49% del monto de la transacci\u00f3n m\u00e1s $0.30<\/p>\n<p>ACH o E-Check: $0.50 por transacci\u00f3n<\/p>\n<p><strong>Usuarios Nuevos al Portal del Cliente<\/strong><\/p>\n<p>Hunter-Kelsey ofrece un Portal del Cliente en l\u00ednea para clientes con cuentas activas. Para inscribirse en el Portal del Cliente, llene el siguiente formulario y su solicitud ser\u00e1 procesada por nuestro Departamento de Servicio. Si ya est\u00e1 registrado, <a href=\"#existing\">puede pasar a la secci\u00f3n del portal del cliente aqui.<\/a><\/p>\n<script type=\"text\/javascript\">\n\/* <![CDATA[ *\/\nvar gform;gform||(document.addEventListener(\"gform_main_scripts_loaded\",function(){gform.scriptsLoaded=!0}),document.addEventListener(\"gform\/theme\/scripts_loaded\",function(){gform.themeScriptsLoaded=!0}),window.addEventListener(\"DOMContentLoaded\",function(){gform.domLoaded=!0}),gform={domLoaded:!1,scriptsLoaded:!1,themeScriptsLoaded:!1,isFormEditor:()=>\"function\"==typeof InitializeEditor,callIfLoaded:function(o){return!(!gform.domLoaded||!gform.scriptsLoaded||!gform.themeScriptsLoaded&&!gform.isFormEditor()||(gform.isFormEditor()&&console.warn(\"The use of gform.initializeOnLoaded() is deprecated in the form editor context and will be removed in Gravity Forms 3.1.\"),o(),0))},initializeOnLoaded:function(o){gform.callIfLoaded(o)||(document.addEventListener(\"gform_main_scripts_loaded\",()=>{gform.scriptsLoaded=!0,gform.callIfLoaded(o)}),document.addEventListener(\"gform\/theme\/scripts_loaded\",()=>{gform.themeScriptsLoaded=!0,gform.callIfLoaded(o)}),window.addEventListener(\"DOMContentLoaded\",()=>{gform.domLoaded=!0,gform.callIfLoaded(o)}))},hooks:{action:{},filter:{}},addAction:function(o,r,e,t){gform.addHook(\"action\",o,r,e,t)},addFilter:function(o,r,e,t){gform.addHook(\"filter\",o,r,e,t)},doAction:function(o){gform.doHook(\"action\",o,arguments)},applyFilters:function(o){return gform.doHook(\"filter\",o,arguments)},removeAction:function(o,r){gform.removeHook(\"action\",o,r)},removeFilter:function(o,r,e){gform.removeHook(\"filter\",o,r,e)},addHook:function(o,r,e,t,n){null==gform.hooks[o][r]&&(gform.hooks[o][r]=[]);var d=gform.hooks[o][r];null==n&&(n=r+\"_\"+d.length),gform.hooks[o][r].push({tag:n,callable:e,priority:t=null==t?10:t})},doHook:function(r,o,e){var t;if(e=Array.prototype.slice.call(e,1),null!=gform.hooks[r][o]&&((o=gform.hooks[r][o]).sort(function(o,r){return o.priority-r.priority}),o.forEach(function(o){\"function\"!=typeof(t=o.callable)&&(t=window[t]),\"action\"==r?t.apply(null,e):e[0]=t.apply(null,e)})),\"filter\"==r)return e[0]},removeHook:function(o,r,t,n){var e;null!=gform.hooks[o][r]&&(e=(e=gform.hooks[o][r]).filter(function(o,r,e){return!!(null!=n&&n!=o.tag||null!=t&&t!=o.priority)}),gform.hooks[o][r]=e)}});\n\/* ]]> *\/\n<\/script>\n\n                <div class='gf_browser_gecko gform_wrapper gform_legacy_markup_wrapper gform-theme--no-framework' data-form-theme='legacy' data-form-index='0' id='gform_wrapper_30' ><form method='post' enctype='multipart\/form-data'  id='gform_30'  action='\/es\/wp-json\/wp\/v2\/pages\/3618' data-formid='30' novalidate><div class='gf_invisible ginput_recaptchav3' data-sitekey='6LeOZmMhAAAAAB1nl5hWsH2w0ccZRLX9CGhOGaj5' data-tabindex='0'><input id=\"input_20e6ca9b186b110388f16192150352d6\" class=\"gfield_recaptcha_response\" type=\"hidden\" name=\"input_20e6ca9b186b110388f16192150352d6\" value=\"\"\/><\/div> \r\n <input type='hidden' class='gforms-pum' value='{\"closepopup\":false,\"closedelay\":0,\"openpopup\":false,\"openpopup_id\":0}' \/>\n                        <div class='gform-body gform_body'><ul id='gform_fields_30' class='gform_fields top_label form_sublabel_below description_below validation_below'><li id=\"field_30_1\" class=\"gfield gfield--type-text gfield--input-type-text gfield_contains_required field_sublabel_below gfield--no-description field_description_below field_validation_below gfield_visibility_visible\"  ><label class='gfield_label gform-field-label' for='input_30_1'>Nombre y Apellido<span class=\"gfield_required\"><span class=\"gfield_required gfield_required_asterisk\">*<\/span><\/span><\/label><div class='ginput_container ginput_container_text'><input name='input_1' id='input_30_1' type='text' value='' class='medium'     aria-required=\"true\" aria-invalid=\"false\"   \/><\/div><\/li><li id=\"field_30_2\" class=\"gfield gfield--type-text gfield--input-type-text gfield_contains_required field_sublabel_below gfield--no-description field_description_below field_validation_below gfield_visibility_visible\"  ><label class='gfield_label gform-field-label' for='input_30_2'>N\u00famero de cuenta(s)<span class=\"gfield_required\"><span class=\"gfield_required gfield_required_asterisk\">*<\/span><\/span><\/label><div class='ginput_container ginput_container_text'><input name='input_2' id='input_30_2' type='text' value='' class='medium'     aria-required=\"true\" aria-invalid=\"false\"   \/><\/div><\/li><li id=\"field_30_3\" class=\"gfield gfield--type-date gfield--input-type-date gfield--input-type-datepicker gfield--datepicker-no-icon gfield_contains_required field_sublabel_below gfield--no-description field_description_below field_validation_below gfield_visibility_visible\"  ><label class='gfield_label gform-field-label' for='input_30_3'>Fecha de nacimiento<span class=\"gfield_required\"><span class=\"gfield_required gfield_required_asterisk\">*<\/span><\/span><\/label><div class='ginput_container ginput_container_date'>\n                            <input name='input_3' id='input_30_3' type='text' value='' class='datepicker gform-datepicker mdy datepicker_no_icon gdatepicker-no-icon'   placeholder='mm\/dd\/aaaa' aria-describedby=\"input_30_3_date_format\" aria-invalid=\"false\" aria-required=\"true\"\/>\n                            <span id='input_30_3_date_format' class='screen-reader-text'>MM barra DD barra AAAA<\/span>\n                        <\/div>\n                        <input type='hidden' id='gforms_calendar_icon_input_30_3' class='gform_hidden' value='https:\/\/propertytaxloansfortexas.com\/wp-content\/plugins\/gravityforms\/images\/datepicker\/datepicker.svg'\/><\/li><li id=\"field_30_4\" class=\"gfield gfield--type-text gfield--input-type-text gfield_contains_required field_sublabel_below gfield--no-description field_description_below field_validation_below gfield_visibility_visible\"  ><label class='gfield_label gform-field-label' for='input_30_4'>C\u00f3digo postal de facturaci\u00f3n<span class=\"gfield_required\"><span class=\"gfield_required gfield_required_asterisk\">*<\/span><\/span><\/label><div class='ginput_container ginput_container_text'><input name='input_4' id='input_30_4' type='text' value='' class='medium'     aria-required=\"true\" aria-invalid=\"false\"   \/><\/div><\/li><li id=\"field_30_6\" class=\"gfield gfield--type-email gfield--input-type-email gfield_contains_required field_sublabel_below gfield--no-description field_description_below field_validation_below gfield_visibility_visible\"  ><label class='gfield_label gform-field-label' for='input_30_6'>Correo electr\u00f3nico<span class=\"gfield_required\"><span class=\"gfield_required gfield_required_asterisk\">*<\/span><\/span><\/label><div class='ginput_container ginput_container_email'>\n                            <input name='input_6' id='input_30_6' type='email' value='' class='medium'    aria-required=\"true\" aria-invalid=\"false\"  \/>\n                        <\/div><\/li><\/ul><\/div>\n        <div class='gform-footer gform_footer top_label'> <input type='submit' id='gform_submit_button_30' class='gform_button button' onclick='gform.submission.handleButtonClick(this);' data-submission-type='submit' value='Someter'  \/> \n            <input type='hidden' class='gform_hidden' name='gform_submission_method' data-js='gform_submission_method_30' value='postback' \/>\n            <input type='hidden' class='gform_hidden' name='gform_theme' data-js='gform_theme_30' id='gform_theme_30' value='legacy' \/>\n            <input type='hidden' class='gform_hidden' name='gform_style_settings' data-js='gform_style_settings_30' id='gform_style_settings_30' value='[]' \/>\n            <input type='hidden' class='gform_hidden' name='is_submit_30' value='1' \/>\n            <input type='hidden' class='gform_hidden' name='gform_submit' value='30' \/>\n            \n            <input type='hidden' class='gform_hidden' name='gform_currency' data-currency='USD' value='kLn6S+mQPTjRu0vUXIQflibzOL5MFISRyd\/j42lNzeH\/tvi06k3UaSheXfD7ug4Jivi5SO0p6ZJOCNNyBspr8yn99BK9Lsl3YT1boPIVk+DB9YI=' \/>\n            <input type='hidden' class='gform_hidden' name='gform_unique_id' value='' \/>\n            <input type='hidden' class='gform_hidden' name='state_30' value='WyJbXSIsIjYzMjAxYzE0YjJkZDFhMTU5MTY1MTU1NzI1YWUxZmViIl0=' \/>\n            <input type='hidden' autocomplete='off' class='gform_hidden' name='gform_target_page_number_30' id='gform_target_page_number_30' value='0' \/>\n            <input type='hidden' autocomplete='off' class='gform_hidden' name='gform_source_page_number_30' id='gform_source_page_number_30' value='1' \/>\n            <input type='hidden' name='gform_field_values' value='' \/>\n            \n        <\/div>\n                        <\/form>\n                        <\/div><script type=\"text\/javascript\">\n\/* <![CDATA[ *\/\n gform.initializeOnLoaded( function() {gformInitSpinner( 30, 'https:\/\/propertytaxloansfortexas.com\/wp-content\/plugins\/gravityforms\/images\/spinner.svg', true );jQuery('#gform_ajax_frame_30').on('load',function(){var contents = jQuery(this).contents().find('*').html();var is_postback = contents.indexOf('GF_AJAX_POSTBACK') >= 0;if(!is_postback){return;}var form_content = jQuery(this).contents().find('#gform_wrapper_30');var is_confirmation = jQuery(this).contents().find('#gform_confirmation_wrapper_30').length > 0;var is_redirect = contents.indexOf('gformRedirect(){') >= 0;var is_form = form_content.length > 0 && ! is_redirect && ! is_confirmation;var mt = parseInt(jQuery('html').css('margin-top'), 10) + parseInt(jQuery('body').css('margin-top'), 10) + 100;if(is_form){jQuery('#gform_wrapper_30').html(form_content.html());if(form_content.hasClass('gform_validation_error')){jQuery('#gform_wrapper_30').addClass('gform_validation_error');} else {jQuery('#gform_wrapper_30').removeClass('gform_validation_error');}setTimeout( function() { \/* delay the scroll by 50 milliseconds to fix a bug in chrome *\/  }, 50 );if(window['gformInitDatepicker']) {gformInitDatepicker();}if(window['gformInitPriceFields']) {gformInitPriceFields();}var current_page = jQuery('#gform_source_page_number_30').val();gformInitSpinner( 30, 'https:\/\/propertytaxloansfortexas.com\/wp-content\/plugins\/gravityforms\/images\/spinner.svg', true );jQuery(document).trigger('gform_page_loaded', [30, current_page]);window['gf_submitting_30'] = false;}else if(!is_redirect){var confirmation_content = jQuery(this).contents().find('.GF_AJAX_POSTBACK').html();if(!confirmation_content){confirmation_content = contents;}jQuery('#gform_wrapper_30').replaceWith(confirmation_content);jQuery(document).trigger('gform_confirmation_loaded', [30]);window['gf_submitting_30'] = false;wp.a11y.speak(jQuery('#gform_confirmation_message_30').text());}else{jQuery('#gform_30').append(contents);if(window['gformRedirect']) {gformRedirect();}}jQuery(document).trigger(\"gform_pre_post_render\", [{ formId: \"30\", currentPage: \"current_page\", abort: function() { this.preventDefault(); } }]);        if (event && event.defaultPrevented) {                return;        }        const gformWrapperDiv = document.getElementById( \"gform_wrapper_30\" );        if ( gformWrapperDiv ) {            const visibilitySpan = document.createElement( \"span\" );            visibilitySpan.id = \"gform_visibility_test_30\";            gformWrapperDiv.insertAdjacentElement( \"afterend\", visibilitySpan );        }        const visibilityTestDiv = document.getElementById( \"gform_visibility_test_30\" );        let postRenderFired = false;        function triggerPostRender() {            if ( postRenderFired ) {                return;            }            postRenderFired = true;            gform.core.triggerPostRenderEvents( 30, current_page );            if ( visibilityTestDiv ) {                visibilityTestDiv.parentNode.removeChild( visibilityTestDiv );            }        }        function debounce( func, wait, immediate ) {            var timeout;            return function() {                var context = this, args = arguments;                var later = function() {                    timeout = null;                    if ( !immediate ) func.apply( context, args );                };                var callNow = immediate && !timeout;                clearTimeout( timeout );                timeout = setTimeout( later, wait );                if ( callNow ) func.apply( context, args );            };        }        const debouncedTriggerPostRender = debounce( function() {            triggerPostRender();        }, 200 );        if ( visibilityTestDiv && visibilityTestDiv.offsetParent === null ) {            const observer = new MutationObserver( ( mutations ) => {                mutations.forEach( ( mutation ) => {                    if ( mutation.type === 'attributes' && visibilityTestDiv.offsetParent !== null ) {                        debouncedTriggerPostRender();                        observer.disconnect();                    }                });            });            observer.observe( document.body, {                attributes: true,                childList: false,                subtree: true,                attributeFilter: [ 'style', 'class' ],            });        } else {            triggerPostRender();        }    } );} ); \n\/* ]]> *\/\n<\/script>\n\n<p>Una vez que se autentique la solicitud, recibir\u00e1 un correo electr\u00f3nico inform\u00e1ndole que su cuenta ha sido activada para acceder al Portal del Cliente.<\/p>\n<p><strong><u>Pago por correo<\/u><\/strong> \u2013 Los pagos enviados por correo deben incluir su Estado de cuenta y un cheque o giro postal. Incluya su nuevo n\u00famero de cuenta en la secci\u00f3n memo de su cheque o giro postal. Env\u00ede el pago a la direcci\u00f3n impresa en su Estado de cuenta.<\/p>\n<p><strong>Pago por tel\u00e9fono<\/strong> \u2013 Llame a nuestro amigable equipo de cobros al 866-456-3839 para realizar pagos con tarjeta de d\u00e9bito o cheque electr\u00f3nico (ACH). \u00a0Estamos disponibles de lunes a s\u00e1bado de 8 am a 5 pm. Cerrado los domingos. *(Consulte arriba: Informaci\u00f3n importante sobre la tarifa de pago)<\/p>\n<p><strong><u>Pagos Autom\u00e1ticos<\/u><\/strong> \u2013 Ll\u00e1menos al <strong>866-456-3839<\/strong> y solicite que le configuren para pagos de cheques electr\u00f3nicos recurrentes (ACH) o descargue nuestro formulario de cheques electr\u00f3nicos (ACH) y env\u00edenoslo por correo o correo electr\u00f3nico. \u00a1Los pagos autom\u00e1ticos (ACH) no tienen cargos adicionales! Estamos disponibles de lunes a s\u00e1bado de 8 am a 5 pm. Cerrado los domingos.<\/p>\n<p><a class=\"button\" href=\"https:\/\/propertytaxloansfortexas.com\/resources\/ACH_Form.pdf\" target=\"_blank\" rel=\"noopener noreferrer\">Descargue el formulario de pago autom\u00e1tico aqu\u00ed.<\/a><\/p>\n<p>Nota: <em>Se requieren pagos completos para recibir cr\u00e9dito por el pago. Los pagos por menos del monto total en el acuerdo de su plan no se acreditar\u00e1n en su cuenta, pero se retendr\u00e1n hasta que se agreguen pagos adicionales al monto total del pago y luego se acrediten.<\/em><\/p>\n<p>Atenci\u00f3n: NO SOMOS LA OFICINA DE IMPUESTOS DEL CONDADO. Este sitio web es solo para personas que tienen la intenci\u00f3n de hacer un pago de pr\u00e9stamo a Hunter-Kelsey of Texas, LLC.<\/p>\n","protected":false},"excerpt":{"rendered":"<p>*Informaci\u00f3n importante sobre la tarifa de pago: (USIO, nuestro proveedor de pagos en l\u00ednea, cobra una tarifa de 2.49% en todos las transacciones con tarjeta de d\u00e9bito, ademas de $0.30 adicionales. Si el pago se realiza mediante ACH o E-check, USIO cobra una tarifa de conveniencia de $0.50 por transacci\u00f3n. No se pueden utilizar tarjetas de cr\u00e9dito ni tarjetas prepagas&#8230;. <a class=\"read-more\" href=\"https:\/\/propertytaxloansfortexas.com\/es\/make-a-payment\/\">Read More &rarr;<\/a><\/p>\n","protected":false},"author":8,"featured_media":0,"parent":0,"menu_order":0,"comment_status":"closed","ping_status":"closed","template":"","meta":{"footnotes":""},"class_list":["entry","page","publish","author-propx","post-3618"],"yoast_head":"<!-- This site is optimized with the Yoast SEO plugin v26.9 - https:\/\/yoast.com\/product\/yoast-seo-wordpress\/ -->\n<title>Opciones de pago | Hunter Kelsey<\/title>\n<meta name=\"description\" content=\"Call (866) PROP-TAX for a Hunter-Kelsey Texas property tax loans to stop increasing county fees. Free, no-obligation quote. We&#039;re BBB, A+ rated!\" \/>\n<meta name=\"robots\" content=\"noindex, nofollow\" \/>\n<meta property=\"og:locale\" content=\"es_ES\" \/>\n<meta property=\"og:type\" content=\"article\" \/>\n<meta property=\"og:title\" content=\"Opciones de pago | Hunter Kelsey\" \/>\n<meta property=\"og:description\" content=\"Call (866) PROP-TAX for a Hunter-Kelsey Texas property tax loans to stop increasing county fees. Free, no-obligation quote. We&#039;re BBB, A+ rated!\" \/>\n<meta property=\"og:url\" content=\"https:\/\/propertytaxloansfortexas.com\/es\/make-a-payment\/\" \/>\n<meta property=\"og:site_name\" content=\"Hunter Kelsey\" \/>\n<meta property=\"article:publisher\" content=\"https:\/\/www.facebook.com\/HunterKelseyTX\/\" \/>\n<meta property=\"article:modified_time\" content=\"2024-04-30T00:41:41+00:00\" \/>\n<meta name=\"twitter:label1\" content=\"Tiempo de lectura\" \/>\n\t<meta name=\"twitter:data1\" content=\"3 minutos\" \/>\n<!-- \/ Yoast SEO plugin. -->","yoast_head_json":{"title":"Opciones de pago | Hunter Kelsey","description":"Call (866) PROP-TAX for a Hunter-Kelsey Texas property tax loans to stop increasing county fees. Free, no-obligation quote. We're BBB, A+ rated!","robots":{"index":"noindex","follow":"nofollow"},"og_locale":"es_ES","og_type":"article","og_title":"Opciones de pago | Hunter Kelsey","og_description":"Call (866) PROP-TAX for a Hunter-Kelsey Texas property tax loans to stop increasing county fees. Free, no-obligation quote. We're BBB, A+ rated!","og_url":"https:\/\/propertytaxloansfortexas.com\/es\/make-a-payment\/","og_site_name":"Hunter Kelsey","article_publisher":"https:\/\/www.facebook.com\/HunterKelseyTX\/","article_modified_time":"2024-04-30T00:41:41+00:00","twitter_misc":{"Tiempo de lectura":"3 minutos"},"schema":{"@context":"https:\/\/schema.org","@graph":[{"@type":"WebPage","@id":"https:\/\/propertytaxloansfortexas.com\/es\/make-a-payment\/","url":"https:\/\/propertytaxloansfortexas.com\/es\/make-a-payment\/","name":"Opciones de pago | Hunter Kelsey","isPartOf":{"@id":"http:\/\/propertytaxloansfortexas.com\/#website"},"datePublished":"2019-12-29T01:55:09+00:00","dateModified":"2024-04-30T00:41:41+00:00","description":"Call (866) PROP-TAX for a Hunter-Kelsey Texas property tax loans to stop increasing county fees. Free, no-obligation quote. We're BBB, A+ rated!","breadcrumb":{"@id":"https:\/\/propertytaxloansfortexas.com\/es\/make-a-payment\/#breadcrumb"},"inLanguage":"es","potentialAction":[{"@type":"ReadAction","target":["https:\/\/propertytaxloansfortexas.com\/es\/make-a-payment\/"]}]},{"@type":"BreadcrumbList","@id":"https:\/\/propertytaxloansfortexas.com\/es\/make-a-payment\/#breadcrumb","itemListElement":[{"@type":"ListItem","position":1,"name":"Property Tax Loans for Texas","item":"https:\/\/propertytaxloansfortexas.com\/es\/"},{"@type":"ListItem","position":2,"name":"Opciones de pago"}]},{"@type":"WebSite","@id":"http:\/\/propertytaxloansfortexas.com\/#website","url":"http:\/\/propertytaxloansfortexas.com\/","name":"Hunter Kelsey","description":"Property Tax Loans for Texas","publisher":{"@id":"http:\/\/propertytaxloansfortexas.com\/#organization"},"potentialAction":[{"@type":"SearchAction","target":{"@type":"EntryPoint","urlTemplate":"http:\/\/propertytaxloansfortexas.com\/?s={search_term_string}"},"query-input":{"@type":"PropertyValueSpecification","valueRequired":true,"valueName":"search_term_string"}}],"inLanguage":"es"},{"@type":"Organization","@id":"http:\/\/propertytaxloansfortexas.com\/#organization","name":"Hunter Kelsey","url":"http:\/\/propertytaxloansfortexas.com\/","logo":{"@type":"ImageObject","inLanguage":"es","@id":"http:\/\/propertytaxloansfortexas.com\/#\/schema\/logo\/image\/","url":"https:\/\/propertytaxloansfortexas.com\/wp-content\/uploads\/2016\/05\/hk_logo_white-header_200px.png","contentUrl":"https:\/\/propertytaxloansfortexas.com\/wp-content\/uploads\/2016\/05\/hk_logo_white-header_200px.png","width":200,"height":82,"caption":"Hunter Kelsey"},"image":{"@id":"http:\/\/propertytaxloansfortexas.com\/#\/schema\/logo\/image\/"},"sameAs":["https:\/\/www.facebook.com\/HunterKelseyTX\/","https:\/\/www.linkedin.com\/company\/hunter-kelsey-of-texas-llc\/"]}]}},"_links":{"self":[{"href":"https:\/\/propertytaxloansfortexas.com\/es\/wp-json\/wp\/v2\/pages\/3618","targetHints":{"allow":["GET"]}}],"collection":[{"href":"https:\/\/propertytaxloansfortexas.com\/es\/wp-json\/wp\/v2\/pages"}],"about":[{"href":"https:\/\/propertytaxloansfortexas.com\/es\/wp-json\/wp\/v2\/types\/page"}],"author":[{"embeddable":true,"href":"https:\/\/propertytaxloansfortexas.com\/es\/wp-json\/wp\/v2\/users\/8"}],"replies":[{"embeddable":true,"href":"https:\/\/propertytaxloansfortexas.com\/es\/wp-json\/wp\/v2\/comments?post=3618"}],"version-history":[{"count":7,"href":"https:\/\/propertytaxloansfortexas.com\/es\/wp-json\/wp\/v2\/pages\/3618\/revisions"}],"predecessor-version":[{"id":5114,"href":"https:\/\/propertytaxloansfortexas.com\/es\/wp-json\/wp\/v2\/pages\/3618\/revisions\/5114"}],"wp:attachment":[{"href":"https:\/\/propertytaxloansfortexas.com\/es\/wp-json\/wp\/v2\/media?parent=3618"}],"curies":[{"name":"wp","href":"https:\/\/api.w.org\/{rel}","templated":true}]}}