{"id":3627,"date":"2019-02-02T18:18:03","date_gmt":"2019-02-03T00:18:03","guid":{"rendered":"https:\/\/propertytaxloansfortexas.com\/?page_id=3627"},"modified":"2024-04-29T19:19:59","modified_gmt":"2024-04-30T00:19:59","slug":"home2","status":"publish","type":"page","link":"https:\/\/propertytaxloansfortexas.com\/es\/","title":{"rendered":"P\u00e1gina principal"},"content":{"rendered":"<div id=\"pl-gb3627-69d0258a4b6a9\"  class=\"panel-layout\" ><div id=\"pg-gb3627-69d0258a4b6a9-0\"  class=\"panel-grid panel-has-style\" ><div class=\"siteorigin-panels-stretch panel-row-style panel-row-style-for-gb3627-69d0258a4b6a9-0\" id=\"homeRedBG\" data-stretch-type=\"full\" ><div id=\"pgc-gb3627-69d0258a4b6a9-0-0\"  class=\"panel-grid-cell\" ><div id=\"panel-gb3627-69d0258a4b6a9-0-0-0\" class=\"so-panel widget widget_siteorigin-panels-builder panel-first-child panel-last-child\" data-index=\"0\" ><div class=\"panel-widget-style panel-widget-style-for-gb3627-69d0258a4b6a9-0-0-0\" ><div id=\"pl-w6630392a5560b\"  class=\"panel-layout\" ><div id=\"pg-w6630392a5560b-0\"  class=\"panel-grid panel-no-style\" ><div id=\"pgc-w6630392a5560b-0-0\"  class=\"panel-grid-cell\" ><div id=\"panel-w6630392a5560b-0-0-0\" class=\"so-panel widget widget_sow-editor panel-first-child panel-last-child\" data-index=\"0\" ><div\n\t\t\t\n\t\t\tclass=\"so-widget-sow-editor so-widget-sow-editor-base\"\n\t\t\t\n\t\t>\n<div class=\"siteorigin-widget-tinymce textwidget\">\n\t<h2>Un prestamista confiable de impuestos sobre la propiedad de Texas \u2026 <br \/> \u2026 para personas como usted.<\/h2>\n<p>Hunter-Kelsey de Texas ha otorgado m\u00e1s de 30,000 pr\u00e9stamos de impuestos a la propiedad a empresas e individuos de Texas como usted. Entendemos que pueden surgir dificultades financieras y estamos aqu\u00ed para ayudarle. Ofrecemos pr\u00e9stamos en propiedades residenciales y comerciales en todo el estado de Texas.<\/p>\n<\/div>\n<\/div><\/div><\/div><\/div><\/div><\/div><\/div><\/div><\/div><\/div><div id=\"pg-gb3627-69d0258a4b6a9-1\"  class=\"panel-grid panel-has-style\" ><div class=\"siteorigin-panels-stretch panel-row-style panel-row-style-for-gb3627-69d0258a4b6a9-1\" id=\"homeGreyBG\" data-stretch-type=\"full\" ><div id=\"pgc-gb3627-69d0258a4b6a9-1-0\"  class=\"panel-grid-cell\" ><div id=\"panel-gb3627-69d0258a4b6a9-1-0-0\" class=\"so-panel widget widget_siteorigin-panels-builder panel-first-child panel-last-child\" data-index=\"1\" ><div class=\"panel-widget-style panel-widget-style-for-gb3627-69d0258a4b6a9-1-0-0\" ><div id=\"pl-w6480a14049f2b\"  class=\"panel-layout\" ><div id=\"pg-w6480a14049f2b-0\"  class=\"panel-grid panel-no-style\" ><div id=\"pgc-w6480a14049f2b-0-0\"  class=\"panel-grid-cell\" ><div id=\"panel-w6480a14049f2b-0-0-0\" class=\"so-panel widget widget_sow-image panel-first-child\" data-index=\"0\" ><div\n\t\t\t\n\t\t\tclass=\"so-widget-sow-image so-widget-sow-image-default-8b5b6f678277\"\n\t\t\t\n\t\t>\n<div class=\"sow-image-container\">\n\t\t<img \n\tsrc=\"https:\/\/propertytaxloansfortexas.com\/wp-content\/uploads\/documents-symbol.png\" width=\"150\" height=\"150\" sizes=\"(max-width: 150px) 100vw, 150px\" alt=\"\" \t\tclass=\"so-widget-image\"\/>\n\t<\/div>\n\n<\/div><\/div><div id=\"panel-w6480a14049f2b-0-0-1\" class=\"so-panel widget widget_sow-editor panel-last-child\" data-index=\"1\" ><div\n\t\t\t\n\t\t\tclass=\"so-widget-sow-editor so-widget-sow-editor-base\"\n\t\t\t\n\t\t>\n<div class=\"siteorigin-widget-tinymce textwidget\">\n\t<h4>\u00bfComo funciona?<\/h4>\n<p>El proceso es simple y r\u00e1pido y generalmente se puede completar por tel\u00e9fono. Recopilamos informaci\u00f3n b\u00e1sica de usted, creamos un plan de pago y pagamos r\u00e1pidamente sus impuestos de propiedad al condado.<\/p>\n<p><a class=\"button\" href=\"https:\/\/propertytaxloansfortexas.com\/es\/texas-property-tax-loans-lending\/\">Aprende m\u00e1s<\/a><\/p>\n<\/div>\n<\/div><\/div><\/div><div id=\"pgc-w6480a14049f2b-0-1\"  class=\"panel-grid-cell\" ><div id=\"panel-w6480a14049f2b-0-1-0\" class=\"so-panel widget widget_sow-image panel-first-child\" data-index=\"2\" ><div\n\t\t\t\n\t\t\tclass=\"so-widget-sow-image so-widget-sow-image-default-8b5b6f678277\"\n\t\t\t\n\t\t>\n<div class=\"sow-image-container\">\n\t\t<img \n\tsrc=\"https:\/\/propertytaxloansfortexas.com\/wp-content\/uploads\/conversation-questions.png\" width=\"150\" height=\"150\" sizes=\"(max-width: 150px) 100vw, 150px\" alt=\"\" \t\tclass=\"so-widget-image\"\/>\n\t<\/div>\n\n<\/div><\/div><div id=\"panel-w6480a14049f2b-0-1-1\" class=\"so-panel widget widget_sow-editor panel-last-child\" data-index=\"3\" ><div\n\t\t\t\n\t\t\tclass=\"so-widget-sow-editor so-widget-sow-editor-base\"\n\t\t\t\n\t\t>\n<div class=\"siteorigin-widget-tinymce textwidget\">\n\t<h4>\u00bfTienes m\u00e1s preguntas?<\/h4>\n<p>Hable con uno de nuestros profesionales de pr\u00e9stamos de impuestos sobre la propiedad para obtener m\u00e1s informaci\u00f3n sobre c\u00f3mo una <a href=\"https:\/\/propertytaxloansfortexas.com\/residential-property-tax-loans\/\"> propiedad residencial <\/a> o <a href=\" https:\/\/propertytaxloansfortexas.com\/commercial-property-tax-loans\/\"> impuesto a la propiedad comercial <\/a> el pr\u00e9stamo fiscal puede ahorrarle el aumento de las tarifas.<\/p>\n<p><a class=\"button\" href=\"https:\/\/propertytaxloansfortexas.com\/es\/contact\/\">Cont\u00e1ctenos<\/a><\/p>\n<\/div>\n<\/div><\/div><\/div><\/div><\/div><\/div><\/div><\/div><\/div><\/div><div id=\"pg-gb3627-69d0258a4b6a9-2\"  class=\"panel-grid panel-has-style\" ><div class=\"panel-row-style panel-row-style-for-gb3627-69d0258a4b6a9-2\" ><div id=\"pgc-gb3627-69d0258a4b6a9-2-0\"  class=\"panel-grid-cell\" ><div id=\"panel-gb3627-69d0258a4b6a9-2-0-0\" class=\"so-panel widget widget_sow-editor panel-first-child panel-last-child\" data-index=\"2\" ><div\n\t\t\t\n\t\t\tclass=\"so-widget-sow-editor so-widget-sow-editor-base\"\n\t\t\t\n\t\t>\n<div class=\"siteorigin-widget-tinymce textwidget\">\n\t<h2>What our clients are saying<\/h2>\n<p>\u00abOur mortgage company was on our backs to get our taxes paid. Hunter Kelsey of Texas, LLC came to our rescue. Getting a tax loan was a fast and easy solution. Thanks for helping us keep our home!\u00bb<br \/>\n&#8212; <strong>The Bertolo Family<\/strong>, Travis County, Texas<\/p>\n<p><a class=\"button\" href=\"https:\/\/propertytaxloansfortexas.com\/customer-testimonials\/\">Read more testimonials<\/a><\/p>\n<\/div>\n<\/div><\/div><\/div><\/div><\/div><\/div>","protected":false},"excerpt":{"rendered":"","protected":false},"author":8,"featured_media":0,"parent":0,"menu_order":0,"comment_status":"closed","ping_status":"closed","template":"","meta":{"footnotes":""},"class_list":["entry","page","publish","author-propx","post-3627"],"yoast_head":"<!-- This site is optimized with the Yoast SEO plugin v26.9 - https:\/\/yoast.com\/product\/yoast-seo-wordpress\/ -->\n<title>Texas Property Tax Loans | Residential &amp; Commercial | Hunter-Kelsey<\/title>\n<meta name=\"description\" content=\"Call (866) PROP-TAX for a Hunter-Kelsey Texas property tax loans to stop increasing county fees. Free, no-obligation quote. We&#039;re BBB A+ rated!\" \/>\n<meta name=\"robots\" content=\"index, follow, max-snippet:-1, max-image-preview:large, max-video-preview:-1\" \/>\n<link rel=\"canonical\" href=\"https:\/\/propertytaxloansfortexas.com\/es\/\" \/>\n<meta property=\"og:locale\" content=\"es_ES\" \/>\n<meta property=\"og:type\" content=\"article\" \/>\n<meta property=\"og:title\" content=\"Texas Property Tax Loans | Residential &amp; Commercial | Hunter-Kelsey\" \/>\n<meta property=\"og:description\" content=\"Call (866) PROP-TAX for a Hunter-Kelsey Texas property tax loans to stop increasing county fees. Free, no-obligation quote. We&#039;re BBB A+ rated!\" \/>\n<meta property=\"og:url\" content=\"https:\/\/propertytaxloansfortexas.com\/es\/\" \/>\n<meta property=\"og:site_name\" content=\"Hunter Kelsey\" \/>\n<meta property=\"article:publisher\" content=\"https:\/\/www.facebook.com\/HunterKelseyTX\/\" \/>\n<meta property=\"article:modified_time\" content=\"2024-04-30T00:19:59+00:00\" \/>\n<meta property=\"og:image\" content=\"https:\/\/propertytaxloansfortexas.com\/wp-content\/uploads\/documents-symbol.png\" \/>\n<meta name=\"twitter:label1\" content=\"Tiempo de lectura\" \/>\n\t<meta name=\"twitter:data1\" content=\"1 minuto\" \/>\n<!-- \/ Yoast SEO plugin. -->","yoast_head_json":{"title":"Texas Property Tax Loans | Residential & Commercial | Hunter-Kelsey","description":"Call (866) PROP-TAX for a Hunter-Kelsey Texas property tax loans to stop increasing county fees. Free, no-obligation quote. We're BBB A+ rated!","robots":{"index":"index","follow":"follow","max-snippet":"max-snippet:-1","max-image-preview":"max-image-preview:large","max-video-preview":"max-video-preview:-1"},"canonical":"https:\/\/propertytaxloansfortexas.com\/es\/","og_locale":"es_ES","og_type":"article","og_title":"Texas Property Tax Loans | Residential & Commercial | Hunter-Kelsey","og_description":"Call (866) PROP-TAX for a Hunter-Kelsey Texas property tax loans to stop increasing county fees. Free, no-obligation quote. We're BBB A+ rated!","og_url":"https:\/\/propertytaxloansfortexas.com\/es\/","og_site_name":"Hunter Kelsey","article_publisher":"https:\/\/www.facebook.com\/HunterKelseyTX\/","article_modified_time":"2024-04-30T00:19:59+00:00","og_image":[{"url":"https:\/\/propertytaxloansfortexas.com\/wp-content\/uploads\/documents-symbol.png","type":"","width":"","height":""}],"twitter_misc":{"Tiempo de lectura":"1 minuto"},"schema":{"@context":"https:\/\/schema.org","@graph":[{"@type":"WebPage","@id":"https:\/\/propertytaxloansfortexas.com\/es\/","url":"https:\/\/propertytaxloansfortexas.com\/es\/","name":"Texas Property Tax Loans | Residential & Commercial | Hunter-Kelsey","isPartOf":{"@id":"http:\/\/propertytaxloansfortexas.com\/#website"},"primaryImageOfPage":{"@id":"https:\/\/propertytaxloansfortexas.com\/es\/#primaryimage"},"image":{"@id":"https:\/\/propertytaxloansfortexas.com\/es\/#primaryimage"},"thumbnailUrl":"https:\/\/propertytaxloansfortexas.com\/wp-content\/uploads\/documents-symbol.png","datePublished":"2019-02-03T00:18:03+00:00","dateModified":"2024-04-30T00:19:59+00:00","description":"Call (866) PROP-TAX for a Hunter-Kelsey Texas property tax loans to stop increasing county fees. Free, no-obligation quote. We're BBB A+ rated!","breadcrumb":{"@id":"https:\/\/propertytaxloansfortexas.com\/es\/#breadcrumb"},"inLanguage":"es","potentialAction":[{"@type":"ReadAction","target":["https:\/\/propertytaxloansfortexas.com\/es\/"]}]},{"@type":"ImageObject","inLanguage":"es","@id":"https:\/\/propertytaxloansfortexas.com\/es\/#primaryimage","url":"https:\/\/propertytaxloansfortexas.com\/wp-content\/uploads\/documents-symbol.png","contentUrl":"https:\/\/propertytaxloansfortexas.com\/wp-content\/uploads\/documents-symbol.png"},{"@type":"BreadcrumbList","@id":"https:\/\/propertytaxloansfortexas.com\/es\/#breadcrumb","itemListElement":[{"@type":"ListItem","position":1,"name":"Property Tax Loans for Texas","item":"https:\/\/propertytaxloansfortexas.com\/es\/"},{"@type":"ListItem","position":2,"name":"Portada"}]},{"@type":"WebSite","@id":"http:\/\/propertytaxloansfortexas.com\/#website","url":"http:\/\/propertytaxloansfortexas.com\/","name":"Hunter Kelsey","description":"Property Tax Loans for Texas","publisher":{"@id":"http:\/\/propertytaxloansfortexas.com\/#organization"},"potentialAction":[{"@type":"SearchAction","target":{"@type":"EntryPoint","urlTemplate":"http:\/\/propertytaxloansfortexas.com\/?s={search_term_string}"},"query-input":{"@type":"PropertyValueSpecification","valueRequired":true,"valueName":"search_term_string"}}],"inLanguage":"es"},{"@type":"Organization","@id":"http:\/\/propertytaxloansfortexas.com\/#organization","name":"Hunter Kelsey","url":"http:\/\/propertytaxloansfortexas.com\/","logo":{"@type":"ImageObject","inLanguage":"es","@id":"http:\/\/propertytaxloansfortexas.com\/#\/schema\/logo\/image\/","url":"https:\/\/propertytaxloansfortexas.com\/wp-content\/uploads\/2016\/05\/hk_logo_white-header_200px.png","contentUrl":"https:\/\/propertytaxloansfortexas.com\/wp-content\/uploads\/2016\/05\/hk_logo_white-header_200px.png","width":200,"height":82,"caption":"Hunter Kelsey"},"image":{"@id":"http:\/\/propertytaxloansfortexas.com\/#\/schema\/logo\/image\/"},"sameAs":["https:\/\/www.facebook.com\/HunterKelseyTX\/","https:\/\/www.linkedin.com\/company\/hunter-kelsey-of-texas-llc\/"]}]}},"_links":{"self":[{"href":"https:\/\/propertytaxloansfortexas.com\/es\/wp-json\/wp\/v2\/pages\/3627","targetHints":{"allow":["GET"]}}],"collection":[{"href":"https:\/\/propertytaxloansfortexas.com\/es\/wp-json\/wp\/v2\/pages"}],"about":[{"href":"https:\/\/propertytaxloansfortexas.com\/es\/wp-json\/wp\/v2\/types\/page"}],"author":[{"embeddable":true,"href":"https:\/\/propertytaxloansfortexas.com\/es\/wp-json\/wp\/v2\/users\/8"}],"replies":[{"embeddable":true,"href":"https:\/\/propertytaxloansfortexas.com\/es\/wp-json\/wp\/v2\/comments?post=3627"}],"version-history":[{"count":11,"href":"https:\/\/propertytaxloansfortexas.com\/es\/wp-json\/wp\/v2\/pages\/3627\/revisions"}],"predecessor-version":[{"id":5106,"href":"https:\/\/propertytaxloansfortexas.com\/es\/wp-json\/wp\/v2\/pages\/3627\/revisions\/5106"}],"wp:attachment":[{"href":"https:\/\/propertytaxloansfortexas.com\/es\/wp-json\/wp\/v2\/media?parent=3627"}],"curies":[{"name":"wp","href":"https:\/\/api.w.org\/{rel}","templated":true}]}}