{"id":3827,"date":"2017-03-10T00:43:30","date_gmt":"2017-03-10T06:43:30","guid":{"rendered":"https:\/\/propertytaxloansfortexas.com\/texas-property-tax-loans-lending\/"},"modified":"2024-04-29T19:30:19","modified_gmt":"2024-04-30T00:30:19","slug":"texas-property-tax-loans-lending","status":"publish","type":"page","link":"https:\/\/propertytaxloansfortexas.com\/es\/texas-property-tax-loans-lending\/","title":{"rendered":"Pr\u00e9stamos fiscales de propiedad de Texas"},"content":{"rendered":"\n<h3 class=\"wp-block-heading\">\u00bfQu\u00e9 son los pr\u00e9stamos fiscales de propiedad de Texas?<\/h3>\n\n\n\n<p>Los pr\u00e9stamos de impuestos a la propiedad \u00a0en Texas de Hunter-Kelsey est\u00e1n disponibles para los tejanos que est\u00e9n atrasados o no puedan pagar sus impuestos a la propiedad residencial y comercial. Ofrecemos t\u00e9rminos flexibles y tarifas atractivas a todos los propietarios para que puedan pagar los impuestos y multas de su propiedad.<\/p>\n\n\n\n<h3 class=\"wp-block-heading\">Los impuestos a la propiedad morosos se acumulan<\/h3>\n\n\n\n<p>Miles de tejanos no pueden pagar sus impuestos a la propiedad a tiempo cada a\u00f1o y, como resultado, tienen que pagar una gran cantidad en tarifas y multas. R\u00e1pidamente pagaremos sus impuestos para que ya no incurra en las grandes multas, intereses y gastos de abogados cobrados por su condado. Es simple. Nosotros pagamos los impuestos. Usted nos paga a lo largo del tiempo.<\/p>\n\n\n\n<p>A partir del 1 de enero, el condado impone un gravamen fiscala todas las propiedades. Al pagar su factura de impuestos, el condado transferir\u00e1 ese gravamen fiscal a nuestra compa\u00f1\u00eda y esa es nuestra seguridad para su pago. Cuando ya haya pagado su pr\u00e9stamo, liberamos el derecho de retenci\u00f3n en los registros del condado.<\/p>\n\n\n\n<div style=\"text-align:center; margin-top: 10px; margin-bottom: 20px;\"><a class=\"button sidebarScroll\" onclick=\"ga('send', 'event', 'CTAs', 'click', 'TexasPropertyTopLevel-LearnHow');\">Aprende c\u00f3mo puedes ahorrar hoy<\/a><\/div>\n<script>\njQuery(\".sidebarScroll\").click(function() {\n  jQuery('html, body').animate({\n        scrollTop: jQuery(\".sidebar.sidebar-primary\").offset().top\n  }, 1000);\n});\n<\/script>\n\n\n\n<h3 class=\"wp-block-heading\">Tres sencillos pasos<\/h3>\n\n\n<div id=\"pl-gb3827-69eb08afef108\"  class=\"panel-layout\" ><div id=\"pg-gb3827-69eb08afef108-0\"  class=\"panel-grid panel-has-style\" ><div class=\"lending-page-steps panel-row-style panel-row-style-for-gb3827-69eb08afef108-0\" ><div id=\"pgc-gb3827-69eb08afef108-0-0\"  class=\"panel-grid-cell\" ><div id=\"panel-gb3827-69eb08afef108-0-0-0\" class=\"widget_text so-panel widget widget_custom_html panel-first-child panel-last-child\" data-index=\"0\" ><div class=\"textwidget custom-html-widget\"><div class=\"center\"><img loading=\"lazy\" decoding=\"async\" src=\"https:\/\/propertytaxloansfortexas.com\/wp-content\/uploads\/call-icon.png\" width=\"62\" height=\"56\"><\/div>\n<h3>Solicitud<\/h3>\n<p>Complete el formulario a la derecha o ll\u00e1menos al 800-578-6687 y un oficial de pr\u00e9stamos tomar\u00e1 su solicitud por tel\u00e9fono. Este proceso solo lleva unos 15 minutos.<\/p><\/div><\/div><\/div><div id=\"pgc-gb3827-69eb08afef108-0-1\"  class=\"panel-grid-cell\" ><div id=\"panel-gb3827-69eb08afef108-0-1-0\" class=\"widget_text so-panel widget widget_custom_html panel-first-child panel-last-child\" data-index=\"1\" ><div class=\"textwidget custom-html-widget\"><div class=\"center\"><img loading=\"lazy\" decoding=\"async\" src=\"https:\/\/propertytaxloansfortexas.com\/wp-content\/uploads\/offer-icon-1.png\" width=\"62\" height=\"56\"><\/div>\n<h3>Aprobaci\u00f3n<\/h3>\n<p>Puede tomar entre 4-7 d\u00edas. En la mayor\u00eda de los casos, le enviaremos los documentos del pr\u00e9stamo dentro de una semana despu\u00e9s de recibir su solicitud.<\/p><\/div><\/div><\/div><div id=\"pgc-gb3827-69eb08afef108-0-2\"  class=\"panel-grid-cell\" ><div id=\"panel-gb3827-69eb08afef108-0-2-0\" class=\"widget_text so-panel widget widget_custom_html panel-first-child panel-last-child\" data-index=\"2\" ><div class=\"textwidget custom-html-widget\"><div class=\"center\"><img loading=\"lazy\" decoding=\"async\" src=\"https:\/\/propertytaxloansfortexas.com\/wp-content\/uploads\/savings-piggy.png\" width=\"62\" height=\"56\"><\/div>\n<h3>Ahorros<\/h3>\n<p>Cuanto antes obtenga un pr\u00e9stamo fiscal, m\u00e1s dinero ahorrar\u00e1 con el tiempo al evitar las multas e intereses que el condado le cobra, \u00a1a veces hasta un 47%!<\/p><\/div><\/div><\/div><\/div><\/div><\/div>\n\n\n<h3 class=\"wp-block-heading\">Grav\u00e1menes fiscales<\/h3>\n\n\n\n<p>Aunque cada condado es diferente, los cargos del condado por multas impositivas morosas, intereses, gastos de abogados y costos judiciales pueden variar hasta el 47% de sus impuestos en el primer a\u00f1o y el 1% despu\u00e9s de cada mes.<\/p>\n\n\n\n<p>Con un pr\u00e9stamo fiscal de nuestra parte, evitar\u00e1 la ejecuci\u00f3n hipotecaria del condado en su propiedad por falta de pago de impuestos. Llame al 800-578-6687 y solicite a uno de nuestros oficiales de pr\u00e9stamos que lo ayude a calcular sus ahorros totales.<\/p>\n\n\n\n<h3 class=\"wp-block-heading\">\u00bfPreguntas? Ll\u00e1menos sin cargo al 800-578-6687<\/h3>\n\n\n\n<p>Ll\u00e1menos con cualquier pregunta o inquietud que tenga sobre la financiaci\u00f3n del impuesto a la propiedad de Texas. Con frecuencia encontramos que muchas personas est\u00e1n mejor con un plan de aplazamiento del condado en lugar de un pr\u00e9stamo. Le ayudaremos a determinar qu\u00e9 es lo mejor para usted, de forma gratuita.<\/p>\n","protected":false},"excerpt":{"rendered":"<p>\u00bfQu\u00e9 son los pr\u00e9stamos fiscales de propiedad de Texas? Los pr\u00e9stamos de impuestos a la propiedad \u00a0en Texas de Hunter-Kelsey est\u00e1n disponibles para los tejanos que est\u00e9n atrasados o no puedan pagar sus impuestos a la propiedad residencial y comercial. Ofrecemos t\u00e9rminos flexibles y tarifas atractivas a todos los propietarios para que puedan pagar los impuestos y multas de su&#8230; <a class=\"read-more\" href=\"https:\/\/propertytaxloansfortexas.com\/es\/texas-property-tax-loans-lending\/\">Read More &rarr;<\/a><\/p>\n","protected":false},"author":4,"featured_media":0,"parent":0,"menu_order":0,"comment_status":"closed","ping_status":"closed","template":"","meta":{"footnotes":""},"class_list":["entry","page","publish","author-jills","post-3827"],"yoast_head":"<!-- This site is optimized with the Yoast SEO plugin v26.9 - https:\/\/yoast.com\/product\/yoast-seo-wordpress\/ -->\n<title>Pr\u00e9stamos fiscales de propiedad de Texas | Hunter Kelsey<\/title>\n<meta name=\"description\" content=\"Texas property tax loans by Hunter-Kelsey can stop increasing county fees. For a free, no-obligation quote, call (866) PROP-TAX. BBB, A+ rated!\" \/>\n<meta name=\"robots\" content=\"index, follow, max-snippet:-1, max-image-preview:large, max-video-preview:-1\" \/>\n<link rel=\"canonical\" href=\"https:\/\/propertytaxloansfortexas.com\/es\/texas-property-tax-loans-lending\/\" \/>\n<meta property=\"og:locale\" content=\"es_ES\" \/>\n<meta property=\"og:type\" content=\"article\" \/>\n<meta property=\"og:title\" content=\"Pr\u00e9stamos fiscales de propiedad de Texas | Hunter Kelsey\" \/>\n<meta property=\"og:description\" content=\"Texas property tax loans by Hunter-Kelsey can stop increasing county fees. For a free, no-obligation quote, call (866) PROP-TAX. BBB, A+ rated!\" \/>\n<meta property=\"og:url\" content=\"https:\/\/propertytaxloansfortexas.com\/es\/texas-property-tax-loans-lending\/\" \/>\n<meta property=\"og:site_name\" content=\"Hunter Kelsey\" \/>\n<meta property=\"article:publisher\" content=\"https:\/\/www.facebook.com\/HunterKelseyTX\/\" \/>\n<meta property=\"article:modified_time\" content=\"2024-04-30T00:30:19+00:00\" \/>\n<meta property=\"og:image\" content=\"https:\/\/propertytaxloansfortexas.com\/wp-content\/uploads\/call-icon.png\" \/>\n<meta name=\"twitter:label1\" content=\"Tiempo de lectura\" \/>\n\t<meta name=\"twitter:data1\" content=\"2 minutos\" \/>\n<!-- \/ Yoast SEO plugin. -->","yoast_head_json":{"title":"Pr\u00e9stamos fiscales de propiedad de Texas | Hunter Kelsey","description":"Texas property tax loans by Hunter-Kelsey can stop increasing county fees. For a free, no-obligation quote, call (866) PROP-TAX. BBB, A+ rated!","robots":{"index":"index","follow":"follow","max-snippet":"max-snippet:-1","max-image-preview":"max-image-preview:large","max-video-preview":"max-video-preview:-1"},"canonical":"https:\/\/propertytaxloansfortexas.com\/es\/texas-property-tax-loans-lending\/","og_locale":"es_ES","og_type":"article","og_title":"Pr\u00e9stamos fiscales de propiedad de Texas | Hunter Kelsey","og_description":"Texas property tax loans by Hunter-Kelsey can stop increasing county fees. For a free, no-obligation quote, call (866) PROP-TAX. BBB, A+ rated!","og_url":"https:\/\/propertytaxloansfortexas.com\/es\/texas-property-tax-loans-lending\/","og_site_name":"Hunter Kelsey","article_publisher":"https:\/\/www.facebook.com\/HunterKelseyTX\/","article_modified_time":"2024-04-30T00:30:19+00:00","og_image":[{"url":"https:\/\/propertytaxloansfortexas.com\/wp-content\/uploads\/call-icon.png","type":"","width":"","height":""}],"twitter_misc":{"Tiempo de lectura":"2 minutos"},"schema":{"@context":"https:\/\/schema.org","@graph":[{"@type":"WebPage","@id":"https:\/\/propertytaxloansfortexas.com\/es\/texas-property-tax-loans-lending\/","url":"https:\/\/propertytaxloansfortexas.com\/es\/texas-property-tax-loans-lending\/","name":"Pr\u00e9stamos fiscales de propiedad de Texas | Hunter Kelsey","isPartOf":{"@id":"http:\/\/propertytaxloansfortexas.com\/#website"},"primaryImageOfPage":{"@id":"https:\/\/propertytaxloansfortexas.com\/es\/texas-property-tax-loans-lending\/#primaryimage"},"image":{"@id":"https:\/\/propertytaxloansfortexas.com\/es\/texas-property-tax-loans-lending\/#primaryimage"},"thumbnailUrl":"https:\/\/propertytaxloansfortexas.com\/wp-content\/uploads\/call-icon.png","datePublished":"2017-03-10T06:43:30+00:00","dateModified":"2024-04-30T00:30:19+00:00","description":"Texas property tax loans by Hunter-Kelsey can stop increasing county fees. For a free, no-obligation quote, call (866) PROP-TAX. BBB, A+ rated!","breadcrumb":{"@id":"https:\/\/propertytaxloansfortexas.com\/es\/texas-property-tax-loans-lending\/#breadcrumb"},"inLanguage":"es","potentialAction":[{"@type":"ReadAction","target":["https:\/\/propertytaxloansfortexas.com\/es\/texas-property-tax-loans-lending\/"]}]},{"@type":"ImageObject","inLanguage":"es","@id":"https:\/\/propertytaxloansfortexas.com\/es\/texas-property-tax-loans-lending\/#primaryimage","url":"https:\/\/propertytaxloansfortexas.com\/wp-content\/uploads\/call-icon.png","contentUrl":"https:\/\/propertytaxloansfortexas.com\/wp-content\/uploads\/call-icon.png"},{"@type":"BreadcrumbList","@id":"https:\/\/propertytaxloansfortexas.com\/es\/texas-property-tax-loans-lending\/#breadcrumb","itemListElement":[{"@type":"ListItem","position":1,"name":"Property Tax Loans for Texas","item":"https:\/\/propertytaxloansfortexas.com\/es\/"},{"@type":"ListItem","position":2,"name":"Pr\u00e9stamos fiscales de propiedad de Texas"}]},{"@type":"WebSite","@id":"http:\/\/propertytaxloansfortexas.com\/#website","url":"http:\/\/propertytaxloansfortexas.com\/","name":"Hunter Kelsey","description":"Property Tax Loans for Texas","publisher":{"@id":"http:\/\/propertytaxloansfortexas.com\/#organization"},"potentialAction":[{"@type":"SearchAction","target":{"@type":"EntryPoint","urlTemplate":"http:\/\/propertytaxloansfortexas.com\/?s={search_term_string}"},"query-input":{"@type":"PropertyValueSpecification","valueRequired":true,"valueName":"search_term_string"}}],"inLanguage":"es"},{"@type":"Organization","@id":"http:\/\/propertytaxloansfortexas.com\/#organization","name":"Hunter Kelsey","url":"http:\/\/propertytaxloansfortexas.com\/","logo":{"@type":"ImageObject","inLanguage":"es","@id":"http:\/\/propertytaxloansfortexas.com\/#\/schema\/logo\/image\/","url":"https:\/\/propertytaxloansfortexas.com\/wp-content\/uploads\/2016\/05\/hk_logo_white-header_200px.png","contentUrl":"https:\/\/propertytaxloansfortexas.com\/wp-content\/uploads\/2016\/05\/hk_logo_white-header_200px.png","width":200,"height":82,"caption":"Hunter Kelsey"},"image":{"@id":"http:\/\/propertytaxloansfortexas.com\/#\/schema\/logo\/image\/"},"sameAs":["https:\/\/www.facebook.com\/HunterKelseyTX\/","https:\/\/www.linkedin.com\/company\/hunter-kelsey-of-texas-llc\/"]}]}},"_links":{"self":[{"href":"https:\/\/propertytaxloansfortexas.com\/es\/wp-json\/wp\/v2\/pages\/3827","targetHints":{"allow":["GET"]}}],"collection":[{"href":"https:\/\/propertytaxloansfortexas.com\/es\/wp-json\/wp\/v2\/pages"}],"about":[{"href":"https:\/\/propertytaxloansfortexas.com\/es\/wp-json\/wp\/v2\/types\/page"}],"author":[{"embeddable":true,"href":"https:\/\/propertytaxloansfortexas.com\/es\/wp-json\/wp\/v2\/users\/4"}],"replies":[{"embeddable":true,"href":"https:\/\/propertytaxloansfortexas.com\/es\/wp-json\/wp\/v2\/comments?post=3827"}],"version-history":[{"count":4,"href":"https:\/\/propertytaxloansfortexas.com\/es\/wp-json\/wp\/v2\/pages\/3827\/revisions"}],"predecessor-version":[{"id":5111,"href":"https:\/\/propertytaxloansfortexas.com\/es\/wp-json\/wp\/v2\/pages\/3827\/revisions\/5111"}],"wp:attachment":[{"href":"https:\/\/propertytaxloansfortexas.com\/es\/wp-json\/wp\/v2\/media?parent=3827"}],"curies":[{"name":"wp","href":"https:\/\/api.w.org\/{rel}","templated":true}]}}